{"id":3424,"date":"2023-06-30T12:04:56","date_gmt":"2023-06-30T10:04:56","guid":{"rendered":"https:\/\/lss-lighting.de\/?page_id=3424"},"modified":"2023-06-30T12:31:08","modified_gmt":"2023-06-30T10:31:08","slug":"powerdim-wm-rev-25-backside-dmx","status":"publish","type":"page","link":"https:\/\/lss-lighting.de\/?page_id=3424","title":{"rendered":"PowerDim WM Rev. 25 Backside-DMX"},"content":{"rendered":"<p>Das DMX-Signal wird der PowerDim-CPU von hinten, also ger\u00e4teintern zugef\u00fchrt.<\/p>\n<p>Ab Fertigungsjahr 2020 wurden die Dimmer-Basisboards LSS 0255-3<br \/>\ndurch -4 ersetzt. F\u00fcr diese Boards m\u00fcssen unterschiedliche Firmware-<br \/>\nVersionen eingespielt werden.<\/p>\n<form>\n<h4>Bitte w\u00e4hlen Sie die Basisboard-Version aus :<\/h4>\n<table id=\"t01\">\n<tbody>\n<tr>\n<td><a href=\"https:\/\/lss-lighting.de\/?p=3441\">LSS 0255-3 (bis 2020)<\/a><\/td>\n<td><a href=\"https:\/\/lss-lighting.de\/?p=3448\">LSS 0255-4 (ab 2020)<\/a><\/td>\n<\/tr>\n<\/tbody>\n<\/table>\n<\/form>\n","protected":false},"excerpt":{"rendered":"<p>Das DMX-Signal wird der PowerDim-CPU von hinten, also ger\u00e4teintern zugef\u00fchrt. Ab Fertigungsjahr 2020 wurden die Dimmer-Basisboards LSS 0255-3 durch -4 ersetzt. F\u00fcr diese Boards m\u00fcssen unterschiedliche Firmware- Versionen eingespielt werden. Bitte w\u00e4hlen Sie die Basisboard-Version aus : LSS 0255-3 (bis 2020) LSS 0255-4 (ab 2020)<\/p>\n","protected":false},"author":6,"featured_media":0,"parent":0,"menu_order":0,"comment_status":"closed","ping_status":"closed","template":"","meta":{"footnotes":""},"class_list":["post-3424","page","type-page","status-publish","hentry"],"jetpack_shortlink":"https:\/\/wp.me\/PawJHG-Te","jetpack_sharing_enabled":true,"_links":{"self":[{"href":"https:\/\/lss-lighting.de\/index.php?rest_route=\/wp\/v2\/pages\/3424","targetHints":{"allow":["GET"]}}],"collection":[{"href":"https:\/\/lss-lighting.de\/index.php?rest_route=\/wp\/v2\/pages"}],"about":[{"href":"https:\/\/lss-lighting.de\/index.php?rest_route=\/wp\/v2\/types\/page"}],"author":[{"embeddable":true,"href":"https:\/\/lss-lighting.de\/index.php?rest_route=\/wp\/v2\/users\/6"}],"replies":[{"embeddable":true,"href":"https:\/\/lss-lighting.de\/index.php?rest_route=%2Fwp%2Fv2%2Fcomments&post=3424"}],"version-history":[{"count":4,"href":"https:\/\/lss-lighting.de\/index.php?rest_route=\/wp\/v2\/pages\/3424\/revisions"}],"predecessor-version":[{"id":3452,"href":"https:\/\/lss-lighting.de\/index.php?rest_route=\/wp\/v2\/pages\/3424\/revisions\/3452"}],"wp:attachment":[{"href":"https:\/\/lss-lighting.de\/index.php?rest_route=%2Fwp%2Fv2%2Fmedia&parent=3424"}],"curies":[{"name":"wp","href":"https:\/\/api.w.org\/{rel}","templated":true}]}}