{"id":3420,"date":"2023-06-30T12:01:51","date_gmt":"2023-06-30T10:01:51","guid":{"rendered":"https:\/\/lss-lighting.de\/?page_id=3420"},"modified":"2023-06-30T12:35:26","modified_gmt":"2023-06-30T10:35:26","slug":"25-front","status":"publish","type":"page","link":"https:\/\/lss-lighting.de\/?page_id=3420","title":{"rendered":"PowerDim WM Rev. 25 Front-DMX"},"content":{"rendered":"<p>Das DMX-Signal wird der PowerDim-CPU von vorn zugef\u00fchrt.<\/p>\n<p>Ab Fertigungsjahr 2020 wurden die Dimmer-Basisboards LSS 0255-3<br \/>\ndurch -4 ersetzt. F\u00fcr diese Boards m\u00fcssen unterschiedliche Firmware-<br \/>\nVersionen eingespielt werden.<\/p>\n<h4>Bitte w\u00e4hlen Sie die Basisboard-Version aus :<\/h4>\n<table id=\"t01\">\n<tbody>\n<tr>\n<td><a href=\"https:\/\/lss-lighting.de\/?p=3427\">LSS 0255-3 (bis 2020)<\/a><\/td>\n<td><a href=\"https:\/\/lss-lighting.de\/?p=3435\">LSS 0255-4 (ab 2020)<\/a><\/td>\n<\/tr>\n<\/tbody>\n<\/table>\n","protected":false},"excerpt":{"rendered":"<p>Das DMX-Signal wird der PowerDim-CPU von vorn zugef\u00fchrt. Ab Fertigungsjahr 2020 wurden die Dimmer-Basisboards LSS 0255-3 durch -4 ersetzt. F\u00fcr diese Boards m\u00fcssen unterschiedliche Firmware- Versionen eingespielt werden. Bitte w\u00e4hlen Sie die Basisboard-Version aus : LSS 0255-3 (bis 2020) LSS 0255-4 (ab 2020)<\/p>\n","protected":false},"author":6,"featured_media":0,"parent":0,"menu_order":0,"comment_status":"closed","ping_status":"closed","template":"","meta":{"footnotes":""},"class_list":["post-3420","page","type-page","status-publish","hentry"],"jetpack_shortlink":"https:\/\/wp.me\/PawJHG-Ta","jetpack_sharing_enabled":true,"_links":{"self":[{"href":"https:\/\/lss-lighting.de\/index.php?rest_route=\/wp\/v2\/pages\/3420","targetHints":{"allow":["GET"]}}],"collection":[{"href":"https:\/\/lss-lighting.de\/index.php?rest_route=\/wp\/v2\/pages"}],"about":[{"href":"https:\/\/lss-lighting.de\/index.php?rest_route=\/wp\/v2\/types\/page"}],"author":[{"embeddable":true,"href":"https:\/\/lss-lighting.de\/index.php?rest_route=\/wp\/v2\/users\/6"}],"replies":[{"embeddable":true,"href":"https:\/\/lss-lighting.de\/index.php?rest_route=%2Fwp%2Fv2%2Fcomments&post=3420"}],"version-history":[{"count":7,"href":"https:\/\/lss-lighting.de\/index.php?rest_route=\/wp\/v2\/pages\/3420\/revisions"}],"predecessor-version":[{"id":3454,"href":"https:\/\/lss-lighting.de\/index.php?rest_route=\/wp\/v2\/pages\/3420\/revisions\/3454"}],"wp:attachment":[{"href":"https:\/\/lss-lighting.de\/index.php?rest_route=%2Fwp%2Fv2%2Fmedia&parent=3420"}],"curies":[{"name":"wp","href":"https:\/\/api.w.org\/{rel}","templated":true}]}}