{"id":3416,"date":"2023-06-30T11:59:10","date_gmt":"2023-06-30T09:59:10","guid":{"rendered":"https:\/\/lss-lighting.de\/?page_id=3416"},"modified":"2023-06-30T12:05:24","modified_gmt":"2023-06-30T10:05:24","slug":"powerdim-wm-rev-25","status":"publish","type":"page","link":"https:\/\/lss-lighting.de\/?page_id=3416","title":{"rendered":"PowerDim WM Rev. 25"},"content":{"rendered":"<p>Rev. 25 hat eine MAIN-CPU Infineon XE169 mit 100 MHz, 10 MB Flash, 1MB RAM, 2k EEPROM und eine DIM-CPU LSS0256 mit Infineon XE169 mit 80 MHz.<\/p>\n<p>PowerDimWM-Ger\u00e4te wurden und werden in unterschiedlichen Versionen hergestellt. Zun\u00e4chst muss nach der DMX-Einspeisung unterschieden werden.<\/p>\n<h4>Bitte w\u00e4hlen Sie aus :<\/h4>\n<table id=\"t01\">\n<tbody>\n<tr>\n<td><a href=\"https:\/\/lss-lighting.de\/?p=3420\">Front DMX<\/a><\/td>\n<td><a href=\"https:\/\/lss-lighting.de\/?p=3424\">Backside DMX<\/a><\/td>\n<\/tr>\n<\/tbody>\n<\/table>\n","protected":false},"excerpt":{"rendered":"<p>Rev. 25 hat eine MAIN-CPU Infineon XE169 mit 100 MHz, 10 MB Flash, 1MB RAM, 2k EEPROM und eine DIM-CPU LSS0256 mit Infineon XE169 mit 80 MHz. PowerDimWM-Ger\u00e4te wurden und werden in unterschiedlichen Versionen hergestellt. Zun\u00e4chst muss nach der DMX-Einspeisung unterschieden werden. Bitte w\u00e4hlen Sie aus : Front DMX Backside DMX<\/p>\n","protected":false},"author":6,"featured_media":0,"parent":0,"menu_order":0,"comment_status":"closed","ping_status":"closed","template":"","meta":{"footnotes":""},"class_list":["post-3416","page","type-page","status-publish","hentry"],"jetpack_shortlink":"https:\/\/wp.me\/PawJHG-T6","jetpack_sharing_enabled":true,"_links":{"self":[{"href":"https:\/\/lss-lighting.de\/index.php?rest_route=\/wp\/v2\/pages\/3416","targetHints":{"allow":["GET"]}}],"collection":[{"href":"https:\/\/lss-lighting.de\/index.php?rest_route=\/wp\/v2\/pages"}],"about":[{"href":"https:\/\/lss-lighting.de\/index.php?rest_route=\/wp\/v2\/types\/page"}],"author":[{"embeddable":true,"href":"https:\/\/lss-lighting.de\/index.php?rest_route=\/wp\/v2\/users\/6"}],"replies":[{"embeddable":true,"href":"https:\/\/lss-lighting.de\/index.php?rest_route=%2Fwp%2Fv2%2Fcomments&post=3416"}],"version-history":[{"count":4,"href":"https:\/\/lss-lighting.de\/index.php?rest_route=\/wp\/v2\/pages\/3416\/revisions"}],"predecessor-version":[{"id":3426,"href":"https:\/\/lss-lighting.de\/index.php?rest_route=\/wp\/v2\/pages\/3416\/revisions\/3426"}],"wp:attachment":[{"href":"https:\/\/lss-lighting.de\/index.php?rest_route=%2Fwp%2Fv2%2Fmedia&parent=3416"}],"curies":[{"name":"wp","href":"https:\/\/api.w.org\/{rel}","templated":true}]}}