{"id":10,"date":"2015-01-30T10:38:48","date_gmt":"2015-01-30T10:38:48","guid":{"rendered":"http:\/\/lss-lighting.de\/wp\/?page_id=10"},"modified":"2020-10-21T09:56:10","modified_gmt":"2020-10-21T07:56:10","slug":"produkte","status":"publish","type":"page","link":"https:\/\/lss-lighting.de\/?page_id=10","title":{"rendered":"PRODUKTE"},"content":{"rendered":"<p style=\"text-align: justify;\">Durch unsere jahrelange Erfahrung im Projektgesch\u00e4ft und im Bau von B\u00fchnenbeleuchtungsanlagen und Schaltanlagen sowie Lichtsteuerungen haben wir im Laufe der Jahre immer mehr eigene Produkte, welche speziell f\u00fcr den Einsatz im B\u00fchnenbereich geeignet sind, entwickelt.<\/p>\n<p style=\"text-align: justify;\">Unsere Produktpalette umfasst ein breites Sortiment an Netzwerkprodukten, Leuchten, Nebenpulten, Versatzk\u00e4sten und B\u00fchnenflachleitungen. LSS Produkte sind nach den spezifischen Bed\u00fcrfnissen der Anwender entwickelt und werden in modernen Produktionsverfahren hergestellt. In allen Phasen des Produktionsprozesses &#8211; von der Idee bis zum ausgelieferten Ger\u00e4t &#8211; werden die LSS-typischen strengen Qualit\u00e4tsrichtlinien zur Anwendung gebracht. Integraler Bestandteil aller LSS Produkte ist ein durchdachtes Service-Konzept. So k\u00f6nnen auch viele bereits im Betrieb befindliche Ger\u00e4te und Baugruppen \u00fcber Software-Updates neue Features bekommen. Dies gilt insbesondere f\u00fcr die komplexen Ethernet basierenden Ger\u00e4te wie MasterGate und MasterPort. Hier konnten schon zahlreiche, im Feld entstandene Ideen realisiert werden.<\/p>\n<p style=\"text-align: justify;\">LSS Ger\u00e4te sind RoHS konform und entsprechen den gesetzlichen Vorgaben bez\u00fcglich Sicherheit und elektromagnetischen Vertr\u00e4glichkeit.<\/p>\n<p><a href=\"https:\/\/lss-lighting.de\/?cat=6\"><img decoding=\"async\" src=\"http:\/\/lss-lighting.de\/wp-content\/uploads\/2015\/02\/netzwerk2000x695-copy-695x242.png\" alt=\"Netzwerkger\u00e4te\" \/><\/a><\/p>\n<p><a href=\"https:\/\/lss-lighting.de\/?cat=12\"><img decoding=\"async\" src=\"http:\/\/lss-lighting.de\/wp-content\/uploads\/2018\/06\/DIMMEN-SCHALTEN_2000x695_LY04.png\" alt=\"Dimmen-Schalten\" \/><\/a><\/p>\n<p><a href=\"https:\/\/lss-lighting.de\/?cat=10\"><img decoding=\"async\" src=\"http:\/\/lss-lighting.de\/wp-content\/uploads\/2015\/02\/Steuerung-f\u00fcr-TV-Studios-2000x695-695x242.png\" alt=\"TV-Studios\" \/><\/a><\/p>\n<p><a href=\"https:\/\/lss-lighting.de\/?cat=8\"><img decoding=\"async\" src=\"http:\/\/lss-lighting.de\/wp-content\/uploads\/2015\/02\/nebenpulte-2000x695-695x242.png\" alt=\"Nebenpulte\" \/><\/a><\/p>\n<p><a href=\"https:\/\/lss-lighting.de\/?cat=11\"><img decoding=\"async\" src=\"http:\/\/lss-lighting.de\/wp-content\/uploads\/2015\/02\/blaulichter-2000x695-copy5-695x242.png\" alt=\"Beleuchtung\" \/><\/a><\/p>\n<p><a href=\"https:\/\/lss-lighting.de\/?cat=28\"><img decoding=\"async\" src=\"http:\/\/lss-lighting.de\/wp-content\/uploads\/2018\/06\/Pruefsystem_2000x695_LY01.png\" alt=\"Pr\u00fcf- und Messsysteme\" \/><\/a><\/p>\n<p><a href=\"https:\/\/lss-lighting.de\/?cat=14\"><img decoding=\"async\" src=\"http:\/\/lss-lighting.de\/wp-content\/uploads\/2015\/02\/versatzkaesten2000x6951-695x242.png\" alt=\"Versatzkaesten\" \/><\/a><\/p>\n<p><a href=\"https:\/\/lss-lighting.de\/?cat=15\"><img decoding=\"async\" src=\"http:\/\/lss-lighting.de\/wp-content\/uploads\/2015\/02\/Buehnenflachleitungen-2000x695-2-695x242.png\" alt=\"Buehnenflachleitungen\" \/><\/a><\/p>\n","protected":false},"excerpt":{"rendered":"<p>Durch unsere jahrelange Erfahrung im Projektgesch\u00e4ft und im Bau von B\u00fchnenbeleuchtungsanlagen und Schaltanlagen sowie Lichtsteuerungen haben wir im Laufe der Jahre immer mehr eigene Produkte, welche speziell f\u00fcr den Einsatz im B\u00fchnenbereich geeignet sind, entwickelt. Unsere Produktpalette umfasst ein breites Sortiment an Netzwerkprodukten, Leuchten, Nebenpulten, Versatzk\u00e4sten und B\u00fchnenflachleitungen. LSS Produkte sind nach den spezifischen Bed\u00fcrfnissen [&hellip;]<\/p>\n","protected":false},"author":1,"featured_media":0,"parent":0,"menu_order":0,"comment_status":"closed","ping_status":"closed","template":"","meta":{"footnotes":""},"class_list":["post-10","page","type-page","status-publish","hentry"],"jetpack_shortlink":"https:\/\/wp.me\/PawJHG-a","jetpack_sharing_enabled":false,"_links":{"self":[{"href":"https:\/\/lss-lighting.de\/index.php?rest_route=\/wp\/v2\/pages\/10","targetHints":{"allow":["GET"]}}],"collection":[{"href":"https:\/\/lss-lighting.de\/index.php?rest_route=\/wp\/v2\/pages"}],"about":[{"href":"https:\/\/lss-lighting.de\/index.php?rest_route=\/wp\/v2\/types\/page"}],"author":[{"embeddable":true,"href":"https:\/\/lss-lighting.de\/index.php?rest_route=\/wp\/v2\/users\/1"}],"replies":[{"embeddable":true,"href":"https:\/\/lss-lighting.de\/index.php?rest_route=%2Fwp%2Fv2%2Fcomments&post=10"}],"version-history":[{"count":40,"href":"https:\/\/lss-lighting.de\/index.php?rest_route=\/wp\/v2\/pages\/10\/revisions"}],"predecessor-version":[{"id":2223,"href":"https:\/\/lss-lighting.de\/index.php?rest_route=\/wp\/v2\/pages\/10\/revisions\/2223"}],"wp:attachment":[{"href":"https:\/\/lss-lighting.de\/index.php?rest_route=%2Fwp%2Fv2%2Fmedia&parent=10"}],"curies":[{"name":"wp","href":"https:\/\/api.w.org\/{rel}","templated":true}]}}